{"id":6279,"date":"2025-02-27T10:46:25","date_gmt":"2025-02-27T10:46:25","guid":{"rendered":"https:\/\/picseecam.com\/?page_id=6279"},"modified":"2025-05-21T13:09:40","modified_gmt":"2025-05-21T13:09:40","slug":"uber-uns","status":"publish","type":"page","link":"https:\/\/picseecam.com\/de\/uber-uns\/","title":{"rendered":"\u00dcber uns"},"content":{"rendered":"<div data-elementor-type=\"wp-page\" data-elementor-id=\"6279\" class=\"elementor elementor-6279\" data-elementor-post-type=\"page\">\n\t\t\t\t<div class=\"elementor-element elementor-element-36ef5012 e-con-full e-flex e-con e-parent\" data-id=\"36ef5012\" data-element_type=\"container\" data-settings=\"{&quot;background_background&quot;:&quot;video&quot;}\">\n\t\t<div class=\"elementor-element elementor-element-656c5060 e-con-full e-flex e-con e-child\" data-id=\"656c5060\" data-element_type=\"container\" data-settings=\"{&quot;background_background&quot;:&quot;classic&quot;}\">\n\t\t\t\t<div class=\"elementor-element elementor-element-11f7dbf3 elementor-widget__width-auto elementor-widget elementor-widget-heading\" data-id=\"11f7dbf3\" data-element_type=\"widget\" data-settings=\"{&quot;ekit_we_effect_on&quot;:&quot;none&quot;}\" data-widget_type=\"heading.default\">\n\t\t\t\t<div class=\"elementor-widget-container\">\n\t\t\t\t\t<h2 class=\"elementor-heading-title elementor-size-default\">\u00dcber uns<\/h2>\t\t\t\t<\/div>\n\t\t\t\t<\/div>\n\t\t\t\t<div class=\"elementor-element elementor-element-4982fd46 elementor-widget elementor-widget-text-editor\" data-id=\"4982fd46\" data-element_type=\"widget\" data-settings=\"{&quot;ekit_we_effect_on&quot;:&quot;none&quot;}\" data-widget_type=\"text-editor.default\">\n\t\t\t\t<div class=\"elementor-widget-container\">\n\t\t\t\t\t\t\t\t\t<p>Bei PICSEE sorgen wir f\u00fcr die beste und umfassendste mobile Kamera\u00fcberwachung, damit dein Gel\u00e4nde stets optimal gesichert ist.<\/p>\t\t\t\t\t\t\t\t<\/div>\n\t\t\t\t<\/div>\n\t\t<div class=\"elementor-element elementor-element-629a483a e-con-full e-flex e-con e-child\" data-id=\"629a483a\" data-element_type=\"container\">\n\t\t<div class=\"elementor-element elementor-element-4192a2c9 e-con-full e-flex e-con e-child\" data-id=\"4192a2c9\" data-element_type=\"container\">\n\t\t\t\t<\/div>\n\t\t<div class=\"elementor-element elementor-element-6c27a86a e-con-full e-flex e-con e-child\" data-id=\"6c27a86a\" data-element_type=\"container\">\n\t\t\t\t<div class=\"elementor-element elementor-element-255cd4bc elementor-align-right elementor-widget elementor-widget-button\" data-id=\"255cd4bc\" data-element_type=\"widget\" data-settings=\"{&quot;ekit_we_effect_on&quot;:&quot;none&quot;}\" data-widget_type=\"button.default\">\n\t\t\t\t<div class=\"elementor-widget-container\">\n\t\t\t\t\t\t\t\t\t<div class=\"elementor-button-wrapper\">\n\t\t\t\t\t<a class=\"elementor-button elementor-button-link elementor-size-sm\" href=\"https:\/\/picseecam.com\/de\/kontakt\/\">\n\t\t\t\t\t\t<span class=\"elementor-button-content-wrapper\">\n\t\t\t\t\t\t<span class=\"elementor-button-icon\">\n\t\t\t\t<svg aria-hidden=\"true\" class=\"e-font-icon-svg e-fas-chevron-circle-right\" viewbox=\"0 0 512 512\" xmlns=\"http:\/\/www.w3.org\/2000\/svg\"><path d=\"M256 8c137 0 248 111 248 248S393 504 256 504 8 393 8 256 119 8 256 8zm113.9 231L234.4 103.5c-9.4-9.4-24.6-9.4-33.9 0l-17 17c-9.4 9.4-9.4 24.6 0 33.9L285.1 256 183.5 357.6c-9.4 9.4-9.4 24.6 0 33.9l17 17c9.4 9.4 24.6 9.4 33.9 0L369.9 273c9.4-9.4 9.4-24.6 0-34z\"><\/path><\/svg>\t\t\t<\/span>\n\t\t\t\t\t\t\t\t\t<span class=\"elementor-button-text\">Kontakt<\/span>\n\t\t\t\t\t<\/span>\n\t\t\t\t\t<\/a>\n\t\t\t\t<\/div>\n\t\t\t\t\t\t\t\t<\/div>\n\t\t\t\t<\/div>\n\t\t\t\t<div class=\"elementor-element elementor-element-1fb129ba elementor-align-right elementor-widget elementor-widget-button\" data-id=\"1fb129ba\" data-element_type=\"widget\" data-settings=\"{&quot;ekit_we_effect_on&quot;:&quot;none&quot;}\" data-widget_type=\"button.default\">\n\t\t\t\t<div class=\"elementor-widget-container\">\n\t\t\t\t\t\t\t\t\t<div class=\"elementor-button-wrapper\">\n\t\t\t\t\t<a class=\"elementor-button elementor-button-link elementor-size-sm\" href=\"https:\/\/picseecam.com\/de\/angebotsanfrage\/\">\n\t\t\t\t\t\t<span class=\"elementor-button-content-wrapper\">\n\t\t\t\t\t\t<span class=\"elementor-button-icon\">\n\t\t\t\t<svg aria-hidden=\"true\" class=\"e-font-icon-svg e-fas-chevron-circle-right\" viewbox=\"0 0 512 512\" xmlns=\"http:\/\/www.w3.org\/2000\/svg\"><path d=\"M256 8c137 0 248 111 248 248S393 504 256 504 8 393 8 256 119 8 256 8zm113.9 231L234.4 103.5c-9.4-9.4-24.6-9.4-33.9 0l-17 17c-9.4 9.4-9.4 24.6 0 33.9L285.1 256 183.5 357.6c-9.4 9.4-9.4 24.6 0 33.9l17 17c9.4 9.4 24.6 9.4 33.9 0L369.9 273c9.4-9.4 9.4-24.6 0-34z\"><\/path><\/svg>\t\t\t<\/span>\n\t\t\t\t\t\t\t\t\t<span class=\"elementor-button-text\">Angebot anfordern<\/span>\n\t\t\t\t\t<\/span>\n\t\t\t\t\t<\/a>\n\t\t\t\t<\/div>\n\t\t\t\t\t\t\t\t<\/div>\n\t\t\t\t<\/div>\n\t\t\t\t<\/div>\n\t\t\t\t<\/div>\n\t\t\t\t<\/div>\n\t\t<div class=\"elementor-element elementor-element-370777c5 e-con-full e-flex e-con e-child\" data-id=\"370777c5\" data-element_type=\"container\" data-settings=\"{&quot;background_background&quot;:&quot;classic&quot;}\">\n\t\t\t\t<\/div>\n\t\t\t\t<\/div>\n\t\t<div class=\"elementor-element elementor-element-7a43e577 e-con-full e-flex e-con e-parent\" data-id=\"7a43e577\" data-element_type=\"container\">\n\t\t\t\t<\/div>\n\t\t<div class=\"elementor-element elementor-element-c81d212 e-flex e-con-boxed e-con e-parent\" data-id=\"c81d212\" data-element_type=\"container\">\n\t\t\t\t\t<div class=\"e-con-inner\">\n\t\t<div class=\"elementor-element elementor-element-45b1899 e-con-full e-flex e-con e-child\" data-id=\"45b1899\" data-element_type=\"container\">\n\t\t\t\t<div class=\"elementor-element elementor-element-113ebfe elementor-widget__width-initial elementor-widget elementor-widget-image\" data-id=\"113ebfe\" data-element_type=\"widget\" data-settings=\"{&quot;ekit_we_effect_on&quot;:&quot;none&quot;}\" data-widget_type=\"image.default\">\n\t\t\t\t<div class=\"elementor-widget-container\">\n\t\t\t\t\t\t\t\t\t\t\t\t\t\t\t<img fetchpriority=\"high\" decoding=\"async\" width=\"1024\" height=\"768\" src=\"https:\/\/picseecam.com\/wp-content\/uploads\/2025\/03\/Cameramasten-leegstand-vastgoed-1-1024x768.webp\" class=\"attachment-large size-large wp-image-9073\" alt=\"\" srcset=\"https:\/\/picseecam.com\/wp-content\/uploads\/2025\/03\/Cameramasten-leegstand-vastgoed-1-1024x768.webp 1024w, https:\/\/picseecam.com\/wp-content\/uploads\/2025\/03\/Cameramasten-leegstand-vastgoed-1-300x225.webp 300w, https:\/\/picseecam.com\/wp-content\/uploads\/2025\/03\/Cameramasten-leegstand-vastgoed-1-768x576.webp 768w, https:\/\/picseecam.com\/wp-content\/uploads\/2025\/03\/Cameramasten-leegstand-vastgoed-1-1536x1152.webp 1536w, https:\/\/picseecam.com\/wp-content\/uploads\/2025\/03\/Cameramasten-leegstand-vastgoed-1-350x262.webp 350w, https:\/\/picseecam.com\/wp-content\/uploads\/2025\/03\/Cameramasten-leegstand-vastgoed-1-533x400.webp 533w, https:\/\/picseecam.com\/wp-content\/uploads\/2025\/03\/Cameramasten-leegstand-vastgoed-1.webp 2000w\" sizes=\"(max-width: 1024px) 100vw, 1024px\" \/>\t\t\t\t\t\t\t\t\t\t\t\t\t\t\t<\/div>\n\t\t\t\t<\/div>\n\t\t\t\t<div class=\"elementor-element elementor-element-63c16ba elementor-widget elementor-widget-image\" data-id=\"63c16ba\" data-element_type=\"widget\" data-settings=\"{&quot;ekit_we_effect_on&quot;:&quot;none&quot;}\" data-widget_type=\"image.default\">\n\t\t\t\t<div class=\"elementor-widget-container\">\n\t\t\t\t\t\t\t\t\t\t\t\t\t\t\t<img decoding=\"async\" width=\"1024\" height=\"901\" src=\"https:\/\/picseecam.com\/wp-content\/uploads\/2025\/03\/parkeerplaatsbeveiliging-1-1024x901.webp\" class=\"attachment-large size-large wp-image-8738\" alt=\"\" srcset=\"https:\/\/picseecam.com\/wp-content\/uploads\/2025\/03\/parkeerplaatsbeveiliging-1-1024x901.webp 1024w, https:\/\/picseecam.com\/wp-content\/uploads\/2025\/03\/parkeerplaatsbeveiliging-1-300x264.webp 300w, https:\/\/picseecam.com\/wp-content\/uploads\/2025\/03\/parkeerplaatsbeveiliging-1-768x676.webp 768w, https:\/\/picseecam.com\/wp-content\/uploads\/2025\/03\/parkeerplaatsbeveiliging-1-298x262.webp 298w, https:\/\/picseecam.com\/wp-content\/uploads\/2025\/03\/parkeerplaatsbeveiliging-1-455x400.webp 455w, https:\/\/picseecam.com\/wp-content\/uploads\/2025\/03\/parkeerplaatsbeveiliging-1.webp 1250w\" sizes=\"(max-width: 1024px) 100vw, 1024px\" \/>\t\t\t\t\t\t\t\t\t\t\t\t\t\t\t<\/div>\n\t\t\t\t<\/div>\n\t\t\t\t<\/div>\n\t\t<div class=\"elementor-element elementor-element-63557fd e-con-full e-flex e-con e-child\" data-id=\"63557fd\" data-element_type=\"container\">\n\t\t\t\t<div class=\"elementor-element elementor-element-0ecb2e0 elementor-widget__width-initial elementor-widget elementor-widget-text-editor\" data-id=\"0ecb2e0\" data-element_type=\"widget\" data-settings=\"{&quot;ekit_we_effect_on&quot;:&quot;none&quot;}\" data-widget_type=\"text-editor.default\">\n\t\t\t\t<div class=\"elementor-widget-container\">\n\t\t\t\t\t\t\t\t\t<p>Im Jahr 2009 begann Dave van Dartel mit der Installation von \u00dcberwachungskameras. Was zun\u00e4chst ein pers\u00f6nliches Interesse an Technologie und Sicherheit war, entwickelte sich schnell zur Gr\u00fcndung der 48uur.com B.V. Das Unternehmen konzentrierte sich von Anfang an darauf, die Sicherheit von Menschen und Eigentum durch intelligente Kameratechnologie zu verbessern.<\/p><p>Was als kleines Unternehmen begann, wuchs schnell durch kundenorientierten Service und einen starken Fokus auf Qualit\u00e4t.<\/p><p>Im Jahr 2020 wurde PICSEE als Antwort auf die wachsende Nachfrage nach flexiblen, tempor\u00e4ren Sicherheitssystemen gestartet, insbesondere auf Baustellen, Veranstaltungen und Risikostandorten. Die Entwicklung von PICSEE war ein intensiver Prozess aus Forschung und Tests, das sich durch drei wichtige S\u00e4ulen auszeichnet: Bildqualit\u00e4t, Benutzerfreundlichkeit und Sicherheit. PICSEE liefert gestochen scharfe Bilder, ist einfach zu bedienen und erf\u00fcllt die h\u00f6chsten Datenschutzstandards.<\/p><p>Das Team besteht mittlerweile aus engagierten Fachkr\u00e4ften, die gemeinsam eine solide Basis geschaffen haben. PICSEE verf\u00fcgt inzwischen \u00fcber 500 mobile Kameramasten im Einsatz und entwickelt sich weiter zu einem verl\u00e4sslichen Akteur im Markt f\u00fcr mobile Sicherheitsl\u00f6sungen.<\/p>\t\t\t\t\t\t\t\t<\/div>\n\t\t\t\t<\/div>\n\t\t\t\t<\/div>\n\t\t\t\t\t<\/div>\n\t\t\t\t<\/div>\n\t\t<div class=\"elementor-element elementor-element-26561c5 e-flex e-con-boxed e-con e-parent\" data-id=\"26561c5\" data-element_type=\"container\" data-settings=\"{&quot;background_background&quot;:&quot;classic&quot;}\">\n\t\t\t\t\t<div class=\"e-con-inner\">\n\t\t<div class=\"elementor-element elementor-element-041407a e-con-full e-flex e-con e-child\" data-id=\"041407a\" data-element_type=\"container\">\n\t\t\t\t<div class=\"elementor-element elementor-element-4dc4d8e elementor-widget elementor-widget-text-editor\" data-id=\"4dc4d8e\" data-element_type=\"widget\" data-settings=\"{&quot;ekit_we_effect_on&quot;:&quot;none&quot;}\" data-widget_type=\"text-editor.default\">\n\t\t\t\t<div class=\"elementor-widget-container\">\n\t\t\t\t\t\t\t\t\t<p>Auf der Suche nach Partnern mit derselben Vision stie\u00df Dave auf Axis Communications. Die Zusammenarbeit mit diesem schwedischen Hersteller hochwertiger Sicherheitsausr\u00fcstung erwies sich als Volltreffer. Axis teilt das Engagement f\u00fcr Innovation, Zuverl\u00e4ssigkeit und Benutzerfreundlichkeit \u2014 Kernwerte, die auch bei der 48uur.com B.V. im Mittelpunkt stehen. Die gemeinsame Philosophie: die Bereitstellung, Wartung und stetige Verbesserung eines unvergleichlichen Erlebnisses im Bereich der Video\u00fcberwachung.<\/p><p>Im Jahr 2020 erweiterte sich das Arbeitsfeld. Die Nachfrage nach tempor\u00e4ren, flexiblen Sicherheitsl\u00f6sungen nahm zu, besonders auf Baustellen, bei Veranstaltungen und an risikoreichen Orten. Aus diesem Bedarf entstand PICSEE: eine mobile Sicherheitseinheit, die einfach zu installieren ist und sofort zuverl\u00e4ssige Kamera\u00fcberwachung bietet. Die Entwicklung von PICSEE war kein einfacher Weg. Es erforderte jahrelange Forschung, Experimente, Ablehnungen, Verbesserungen und Neustarts. Jedes Bauteil wurde kritisch gepr\u00fcft: vom Kamerasystem bis zur Software, von der Energieversorgung bis zum Design.<\/p><p>Letztendlich f\u00fchrt dieser intensive Entwicklungsprozess zu einem Produkt, das sich durch drei wichtige S\u00e4ulen auszeichnet: Bildqualit\u00e4t, Benutzerfreundlichkeit und Sicherheit. PICSEE liefert unter allen Bedingungen gestochen scharfe Bilder, ist intuitiv zu bedienen und erf\u00fcllt die h\u00f6chsten Standards im Bereich Datensicherheit. Das Produkt wird von einem engagierten Team aus Entwicklern und Ingenieuren gebaut und von der bew\u00e4hrten Technologie von Axis Communications unterst\u00fctzt.\u00a0<\/p><p>Heute ist PICSEE f\u00fcr Nutzer in ganz Europa verf\u00fcgbar. <br \/>Von Bauunternehmern und Projektentwicklern bis hin zu Festivalveranstaltern und Immobilienverwaltern entscheiden sich immer mehr Fachleute f\u00fcr die Sicherheit und Flexibilit\u00e4t dieser mobilen Sicherheitsl\u00f6sung.<\/p><p>PICSEE ist fertig. Die Technik steht bereit. Und unsere Nutzer sind bereit daf\u00fcr.<\/p>\t\t\t\t\t\t\t\t<\/div>\n\t\t\t\t<\/div>\n\t\t\t\t<\/div>\n\t\t<div class=\"elementor-element elementor-element-d00c4d3 e-con-full e-flex e-con e-child\" data-id=\"d00c4d3\" data-element_type=\"container\">\n\t\t\t\t<div class=\"elementor-element elementor-element-eec6783 elementor-widget elementor-widget-image\" data-id=\"eec6783\" data-element_type=\"widget\" data-settings=\"{&quot;ekit_we_effect_on&quot;:&quot;none&quot;}\" data-widget_type=\"image.default\">\n\t\t\t\t<div class=\"elementor-widget-container\">\n\t\t\t\t\t\t\t\t\t\t\t\t\t\t\t<img decoding=\"async\" width=\"1024\" height=\"768\" src=\"https:\/\/picseecam.com\/wp-content\/uploads\/2025\/04\/picsee-contact-1024x768.webp\" class=\"attachment-large size-large wp-image-9472\" alt=\"\" srcset=\"https:\/\/picseecam.com\/wp-content\/uploads\/2025\/04\/picsee-contact-1024x768.webp 1024w, https:\/\/picseecam.com\/wp-content\/uploads\/2025\/04\/picsee-contact-300x225.webp 300w, https:\/\/picseecam.com\/wp-content\/uploads\/2025\/04\/picsee-contact-768x576.webp 768w, https:\/\/picseecam.com\/wp-content\/uploads\/2025\/04\/picsee-contact-1536x1152.webp 1536w, https:\/\/picseecam.com\/wp-content\/uploads\/2025\/04\/picsee-contact-350x262.webp 350w, https:\/\/picseecam.com\/wp-content\/uploads\/2025\/04\/picsee-contact-533x400.webp 533w, https:\/\/picseecam.com\/wp-content\/uploads\/2025\/04\/picsee-contact.webp 2000w\" sizes=\"(max-width: 1024px) 100vw, 1024px\" \/>\t\t\t\t\t\t\t\t\t\t\t\t\t\t\t<\/div>\n\t\t\t\t<\/div>\n\t\t\t\t<div class=\"elementor-element elementor-element-3d7eb80 elementor-widget elementor-widget-image\" data-id=\"3d7eb80\" data-element_type=\"widget\" data-settings=\"{&quot;ekit_we_effect_on&quot;:&quot;none&quot;}\" data-widget_type=\"image.default\">\n\t\t\t\t<div class=\"elementor-widget-container\">\n\t\t\t\t\t\t\t\t\t\t\t\t\t\t\t<img loading=\"lazy\" decoding=\"async\" width=\"610\" height=\"466\" src=\"https:\/\/picseecam.com\/wp-content\/uploads\/2025\/03\/Tijdelijke-beveiliding-picsee.webp\" class=\"attachment-large size-large wp-image-7603\" alt=\"\" srcset=\"https:\/\/picseecam.com\/wp-content\/uploads\/2025\/03\/Tijdelijke-beveiliding-picsee.webp 610w, https:\/\/picseecam.com\/wp-content\/uploads\/2025\/03\/Tijdelijke-beveiliding-picsee-300x229.webp 300w, https:\/\/picseecam.com\/wp-content\/uploads\/2025\/03\/Tijdelijke-beveiliding-picsee-343x262.webp 343w, https:\/\/picseecam.com\/wp-content\/uploads\/2025\/03\/Tijdelijke-beveiliding-picsee-524x400.webp 524w\" sizes=\"(max-width: 610px) 100vw, 610px\" \/>\t\t\t\t\t\t\t\t\t\t\t\t\t\t\t<\/div>\n\t\t\t\t<\/div>\n\t\t\t\t<div class=\"elementor-element elementor-element-a3189b4 elementor-align-right elementor-mobile-align-center elementor-widget elementor-widget-button\" data-id=\"a3189b4\" data-element_type=\"widget\" data-settings=\"{&quot;ekit_we_effect_on&quot;:&quot;none&quot;}\" data-widget_type=\"button.default\">\n\t\t\t\t<div class=\"elementor-widget-container\">\n\t\t\t\t\t\t\t\t\t<div class=\"elementor-button-wrapper\">\n\t\t\t\t\t<a class=\"elementor-button elementor-button-link elementor-size-sm\" href=\"https:\/\/picseecam.com\/de\/angebotsanfrage\/\">\n\t\t\t\t\t\t<span class=\"elementor-button-content-wrapper\">\n\t\t\t\t\t\t<span class=\"elementor-button-icon\">\n\t\t\t\t<svg aria-hidden=\"true\" class=\"e-font-icon-svg e-fas-chevron-circle-right\" viewbox=\"0 0 512 512\" xmlns=\"http:\/\/www.w3.org\/2000\/svg\"><path d=\"M256 8c137 0 248 111 248 248S393 504 256 504 8 393 8 256 119 8 256 8zm113.9 231L234.4 103.5c-9.4-9.4-24.6-9.4-33.9 0l-17 17c-9.4 9.4-9.4 24.6 0 33.9L285.1 256 183.5 357.6c-9.4 9.4-9.4 24.6 0 33.9l17 17c9.4 9.4 24.6 9.4 33.9 0L369.9 273c9.4-9.4 9.4-24.6 0-34z\"><\/path><\/svg>\t\t\t<\/span>\n\t\t\t\t\t\t\t\t\t<span class=\"elementor-button-text\">Angebot anfordern<\/span>\n\t\t\t\t\t<\/span>\n\t\t\t\t\t<\/a>\n\t\t\t\t<\/div>\n\t\t\t\t\t\t\t\t<\/div>\n\t\t\t\t<\/div>\n\t\t\t\t<\/div>\n\t\t\t\t\t<\/div>\n\t\t\t\t<\/div>\n\t\t<div class=\"elementor-element elementor-element-b64658f e-flex e-con-boxed e-con e-parent\" data-id=\"b64658f\" data-element_type=\"container\" data-settings=\"{&quot;background_background&quot;:&quot;video&quot;}\">\n\t\t\t\t\t<div class=\"e-con-inner\">\n\t\t<div class=\"elementor-element elementor-element-8ec350e e-con-full e-flex e-con e-child\" data-id=\"8ec350e\" data-element_type=\"container\" data-settings=\"{&quot;background_background&quot;:&quot;video&quot;}\">\n\t\t\t\t<div class=\"elementor-element elementor-element-6bab70d elementor-widget elementor-widget-video\" data-id=\"6bab70d\" data-element_type=\"widget\" data-settings=\"{&quot;youtube_url&quot;:&quot;https:\\\/\\\/www.youtube.com\\\/watch?v=HMRnU8zkbHk&quot;,&quot;video_type&quot;:&quot;youtube&quot;,&quot;controls&quot;:&quot;yes&quot;,&quot;ekit_we_effect_on&quot;:&quot;none&quot;}\" data-widget_type=\"video.default\">\n\t\t\t\t<div class=\"elementor-widget-container\">\n\t\t\t\t\t\t\t<div class=\"elementor-wrapper elementor-open-inline\">\n\t\t\t<div class=\"elementor-video\"><\/div>\t\t<\/div>\n\t\t\t\t\t\t<\/div>\n\t\t\t\t<\/div>\n\t\t\t\t<\/div>\n\t\t\t\t\t<\/div>\n\t\t\t\t<\/div>\n\t\t\t\t<\/div>","protected":false},"excerpt":{"rendered":"<p>Over ons Bij PICSEE zorgen we voor de beste en meest complete mobiele camerabewaking, zodat jouw terrein altijd optimaal beveiligd is. Contact Offerte aanvragen In 2009 begon Dave van Dartel met het installeren van beveiligingscamera\u2019s. Wat aanvankelijk een persoonlijke interesse was in technologie en veiligheid, groeide al snel uit tot de oprichting van 48uur.com B.V. [&hellip;]<\/p>","protected":false},"author":3,"featured_media":0,"parent":0,"menu_order":0,"comment_status":"closed","ping_status":"closed","template":"page-templates\/home-v2.php","meta":{"footnotes":""},"class_list":["post-6279","page","type-page","status-publish","hentry"],"_links":{"self":[{"href":"https:\/\/picseecam.com\/de\/wp-json\/wp\/v2\/pages\/6279","targetHints":{"allow":["GET"]}}],"collection":[{"href":"https:\/\/picseecam.com\/de\/wp-json\/wp\/v2\/pages"}],"about":[{"href":"https:\/\/picseecam.com\/de\/wp-json\/wp\/v2\/types\/page"}],"author":[{"embeddable":true,"href":"https:\/\/picseecam.com\/de\/wp-json\/wp\/v2\/users\/3"}],"replies":[{"embeddable":true,"href":"https:\/\/picseecam.com\/de\/wp-json\/wp\/v2\/comments?post=6279"}],"version-history":[{"count":146,"href":"https:\/\/picseecam.com\/de\/wp-json\/wp\/v2\/pages\/6279\/revisions"}],"predecessor-version":[{"id":12209,"href":"https:\/\/picseecam.com\/de\/wp-json\/wp\/v2\/pages\/6279\/revisions\/12209"}],"wp:attachment":[{"href":"https:\/\/picseecam.com\/de\/wp-json\/wp\/v2\/media?parent=6279"}],"curies":[{"name":"wp","href":"https:\/\/api.w.org\/{rel}","templated":true}]}}